{"id":160,"date":"2012-08-20T19:18:07","date_gmt":"2012-08-20T19:18:07","guid":{"rendered":"http:\/\/localhost\/wordpress\/?page_id=160"},"modified":"2013-05-08T11:58:07","modified_gmt":"2013-05-08T11:58:07","slug":"juridico","status":"publish","type":"page","link":"http:\/\/sintema.org.br\/sintema\/juridico\/","title":{"rendered":"Jur\u00eddico"},"content":{"rendered":"<h3>A\u00e7\u00f5es na justi\u00e7a<\/h3>\n<p>3,17%,<br \/>\n28,86%,<br \/>\nURP&#8217;S,<br \/>\nPerdas salarias,<\/p>\n<p>Horas extras,<br \/>\nMandado de seguran\u00e7a,<br \/>\nA\u00e7\u00f5es ordin\u00e1rias<\/p>\n<hr \/>\n<h3>Para conseguir assessoria jur\u00eddica veja o endere\u00e7o abaixo ou o telefone.<\/h3>\n<p><a href=\"http:\/\/localhost\/wordpress\/wp-content\/uploads\/2012\/08\/macieiranunes.jpg\"><img loading=\"lazy\" class=\"alignnone size-full wp-image-163\" title=\"macieiranunes\" alt=\"\" src=\"http:\/\/localhost\/wordpress\/wp-content\/uploads\/2012\/08\/macieiranunes.jpg\" width=\"179\" height=\"89\" \/><\/a><\/p>\n<p><strong>MACIEIRA, NUNES E ZAGALLO &amp; ADVOGADOS ASS. S\/C.<\/strong><\/p>\n<p>Endere\u00e7o:<br \/>\nAV. DO VALE, 10, QD. 22 &#8211; BAIRRO: RENASCEN\u00c7A II<br \/>\nCEP: 65.075-820 &#8211; SAO LUIS\/ &#8211; TEL: (98)3878-6600<\/p>\n<p>&nbsp;<\/p>\n<hr \/>\n<p><iframe loading=\"lazy\" style=\"border: none;\" src=\"http:\/\/www.trf1.gov.br\/Processos\/ProcessosTRF\/ConsProcTRF1Pes.php\" height=\"1000\" width=\"810\"><\/iframe><\/p>\n","protected":false},"excerpt":{"rendered":"<p>A\u00e7\u00f5es na justi\u00e7a 3,17%, 28,86%, URP&#8217;S, Perdas salarias, Horas extras, Mandado de seguran\u00e7a, A\u00e7\u00f5es ordin\u00e1rias Para conseguir assessoria jur\u00eddica veja o endere\u00e7o abaixo ou o telefone. MACIEIRA, NUNES E ZAGALLO &amp; ADVOGADOS ASS. S\/C. Endere\u00e7o: AV. DO VALE, 10, QD. 22 &#8211; BAIRRO: RENASCEN\u00c7A II CEP: 65.075-820 &#8211; SAO LUIS\/ &#8211; TEL: (98)3878-6600 &nbsp;<\/p>\n","protected":false},"author":2,"featured_media":0,"parent":0,"menu_order":0,"comment_status":"open","ping_status":"open","template":"juridico.php","meta":[],"_links":{"self":[{"href":"http:\/\/sintema.org.br\/sintema\/wp-json\/wp\/v2\/pages\/160"}],"collection":[{"href":"http:\/\/sintema.org.br\/sintema\/wp-json\/wp\/v2\/pages"}],"about":[{"href":"http:\/\/sintema.org.br\/sintema\/wp-json\/wp\/v2\/types\/page"}],"author":[{"embeddable":true,"href":"http:\/\/sintema.org.br\/sintema\/wp-json\/wp\/v2\/users\/2"}],"replies":[{"embeddable":true,"href":"http:\/\/sintema.org.br\/sintema\/wp-json\/wp\/v2\/comments?post=160"}],"version-history":[{"count":3,"href":"http:\/\/sintema.org.br\/sintema\/wp-json\/wp\/v2\/pages\/160\/revisions"}],"predecessor-version":[{"id":3746,"href":"http:\/\/sintema.org.br\/sintema\/wp-json\/wp\/v2\/pages\/160\/revisions\/3746"}],"wp:attachment":[{"href":"http:\/\/sintema.org.br\/sintema\/wp-json\/wp\/v2\/media?parent=160"}],"curies":[{"name":"wp","href":"https:\/\/api.w.org\/{rel}","templated":true}]}}