{"id":197,"date":"2012-08-21T14:31:31","date_gmt":"2012-08-21T14:31:31","guid":{"rendered":"http:\/\/localhost\/wordpress\/?page_id=197"},"modified":"2013-04-25T16:38:36","modified_gmt":"2013-04-25T16:38:36","slug":"acoes-na-justica","status":"publish","type":"page","link":"http:\/\/sintema.org.br\/sintema\/acoes-na-justica\/","title":{"rendered":"A\u00e7\u00f5es na justi\u00e7a"},"content":{"rendered":"<h2>Segue abaixo as a\u00e7\u00f5es na justi\u00e7a<\/h2>\n<p>3,17%,<\/p>\n<p>28,86%,<\/p>\n<p>URP&#8217;S,<\/p>\n<p>Perdas salarias,<\/p>\n<p>Horas extras,<\/p>\n<p>Mandado de seguran\u00e7a,<\/p>\n<p>A\u00e7\u00f5es ordin\u00e1rias<\/p>\n","protected":false},"excerpt":{"rendered":"<p>Segue abaixo as a\u00e7\u00f5es na justi\u00e7a 3,17%, 28,86%, URP&#8217;S, Perdas salarias, Horas extras, Mandado de seguran\u00e7a, A\u00e7\u00f5es ordin\u00e1rias<\/p>\n","protected":false},"author":2,"featured_media":0,"parent":0,"menu_order":0,"comment_status":"open","ping_status":"open","template":"juridico.php","meta":[],"_links":{"self":[{"href":"http:\/\/sintema.org.br\/sintema\/wp-json\/wp\/v2\/pages\/197"}],"collection":[{"href":"http:\/\/sintema.org.br\/sintema\/wp-json\/wp\/v2\/pages"}],"about":[{"href":"http:\/\/sintema.org.br\/sintema\/wp-json\/wp\/v2\/types\/page"}],"author":[{"embeddable":true,"href":"http:\/\/sintema.org.br\/sintema\/wp-json\/wp\/v2\/users\/2"}],"replies":[{"embeddable":true,"href":"http:\/\/sintema.org.br\/sintema\/wp-json\/wp\/v2\/comments?post=197"}],"version-history":[{"count":2,"href":"http:\/\/sintema.org.br\/sintema\/wp-json\/wp\/v2\/pages\/197\/revisions"}],"predecessor-version":[{"id":3668,"href":"http:\/\/sintema.org.br\/sintema\/wp-json\/wp\/v2\/pages\/197\/revisions\/3668"}],"wp:attachment":[{"href":"http:\/\/sintema.org.br\/sintema\/wp-json\/wp\/v2\/media?parent=197"}],"curies":[{"name":"wp","href":"https:\/\/api.w.org\/{rel}","templated":true}]}}