{"id":7,"date":"2012-08-08T17:02:49","date_gmt":"2012-08-08T17:02:49","guid":{"rendered":"http:\/\/localhost\/wordpress\/?page_id=6"},"modified":"2012-08-30T12:17:18","modified_gmt":"2012-08-30T12:17:18","slug":"quem-somos","status":"publish","type":"page","link":"http:\/\/sintema.org.br\/sintema\/quem-somos\/","title":{"rendered":"Quem somos"},"content":{"rendered":"<p>O SINTEMA \u00e9 fruto da luta dos trabalhadores e trabalhadoras das universidades brasileiras, em busca da organiza\u00e7\u00e3o em defesa dos seus direitos e da dignidade dos trabalhadores do setor p\u00fablico e da \u00e1rea da educa\u00e7\u00e3o em particular.<\/p>\n<p><a href=\"http:\/\/sintema.org.br\/sintema\/wp-content\/uploads\/2012\/08\/11.jpg\"><img loading=\"lazy\" class=\"alignnone size-full wp-image-2243\" title=\"1\" src=\"http:\/\/sintema.org.br\/sintema\/wp-content\/uploads\/2012\/08\/11.jpg\" alt=\"\" width=\"400\" height=\"601\" srcset=\"http:\/\/sintema.org.br\/sintema\/wp-content\/uploads\/2012\/08\/11.jpg 400w, http:\/\/sintema.org.br\/sintema\/wp-content\/uploads\/2012\/08\/11-199x300.jpg 199w\" sizes=\"(max-width: 400px) 100vw, 400px\" \/><\/a><br \/>\nO SINTEMA \u00e9 filiado \u00e0 FASUBRA que \u00e9 uma das entidades pioneiras na organiza\u00e7\u00e3o dos trabalhadores do setor p\u00fablico no Brasil, rompendo com o obscurantismo vigente em triste per\u00edodo de nossa hist\u00f3ria. Em face da proibi\u00e7\u00e3o de organiza\u00e7\u00e3o sindical e de classe constante da constitui\u00e7\u00e3o de 1967, vigente at\u00e9 04 de outubro de 1988, os trabalhadores p\u00fablicos organizavam-se em Associa\u00e7\u00f5es que tinham o car\u00e1ter esportivo, cultural e assistencial; entretanto nas universidades mesmo com as associa\u00e7\u00f5es vicejavam outros ventos, e com a tomada de uma posi\u00e7\u00e3o de luta com consci\u00eancia de classe, a federa\u00e7\u00e3o intensificou o processo de organiza\u00e7\u00e3o da categoria.<\/p>\n<p><a href=\"http:\/\/sintema.org.br\/sintema\/wp-content\/uploads\/2012\/08\/2.jpg\"><img loading=\"lazy\" class=\"alignnone size-full wp-image-2245\" title=\"2\" src=\"http:\/\/sintema.org.br\/sintema\/wp-content\/uploads\/2012\/08\/2.jpg\" alt=\"\" width=\"400\" height=\"600\" srcset=\"http:\/\/sintema.org.br\/sintema\/wp-content\/uploads\/2012\/08\/2.jpg 400w, http:\/\/sintema.org.br\/sintema\/wp-content\/uploads\/2012\/08\/2-200x300.jpg 200w\" sizes=\"(max-width: 400px) 100vw, 400px\" \/><\/a><\/p>\n<p>A partir da promulga\u00e7\u00e3o da constitui\u00e7\u00e3o de 1988, foi intensificado o processo de forma\u00e7\u00e3o sindical com a realiza\u00e7\u00e3o de cursos, semin\u00e1rios e delibera\u00e7\u00f5es congressuais, orientando para a forma\u00e7\u00e3o de Comiss\u00f5es Pr\u00f3-Sindicatos nos Estados, unificando toda a base da educa\u00e7\u00e3o superior das tr\u00eas esferas (municipal, estadual e federal) no projeto SINTEST.<\/p>\n<p><a href=\"http:\/\/sintema.org.br\/sintema\/wp-content\/uploads\/2012\/08\/3.jpg\"><img loading=\"lazy\" class=\"alignnone size-full wp-image-2247\" title=\"3\" src=\"http:\/\/sintema.org.br\/sintema\/wp-content\/uploads\/2012\/08\/3.jpg\" alt=\"\" width=\"400\" height=\"600\" srcset=\"http:\/\/sintema.org.br\/sintema\/wp-content\/uploads\/2012\/08\/3.jpg 400w, http:\/\/sintema.org.br\/sintema\/wp-content\/uploads\/2012\/08\/3-200x300.jpg 200w\" sizes=\"(max-width: 400px) 100vw, 400px\" \/><\/a><\/p>\n<p>No caso do Maranh\u00e3o a unifica\u00e7\u00e3o deu-se entre a UFMA e UEMA, atrav\u00e9s da ASSUMA e ASSUEMA, que no dia 30 de agosto de 1989, \u00e0s 19 horas, em assembleia geral dos trabalhadores das duas universidades, no audit\u00f3rio da biblioteca p\u00fablica Benedito Leite, o SINTEMA foi criado. Esta composi\u00e7\u00e3o vigorou at\u00e9 o ano de 2002, quando por decis\u00e3o Congressual foi feita a separa\u00e7\u00e3o das bases.<\/p>\n<p><a href=\"http:\/\/sintema.org.br\/sintema\/wp-content\/uploads\/2012\/08\/4.jpg\"><img loading=\"lazy\" class=\"alignnone size-full wp-image-2248\" title=\"4\" src=\"http:\/\/sintema.org.br\/sintema\/wp-content\/uploads\/2012\/08\/4.jpg\" alt=\"\" width=\"400\" height=\"600\" srcset=\"http:\/\/sintema.org.br\/sintema\/wp-content\/uploads\/2012\/08\/4.jpg 400w, http:\/\/sintema.org.br\/sintema\/wp-content\/uploads\/2012\/08\/4-200x300.jpg 200w\" sizes=\"(max-width: 400px) 100vw, 400px\" \/><\/a><\/p>\n<p>A luta pela democratiza\u00e7\u00e3o da universidade, com elei\u00e7\u00f5es parit\u00e1rias, acesso para os alunos da escola p\u00fablica, melhores sal\u00e1rios e condi\u00e7\u00f5es de trabalho, investimento na \u00e1rea de pesquisa e tecnologia, s\u00e3o pontos que fazem parte da agenda permanente do SINTEMA.<\/p>\n<p><a href=\"http:\/\/sintema.org.br\/sintema\/wp-content\/uploads\/2012\/08\/5.jpg\"><img loading=\"lazy\" class=\"alignnone size-full wp-image-2249\" title=\"5\" src=\"http:\/\/sintema.org.br\/sintema\/wp-content\/uploads\/2012\/08\/5.jpg\" alt=\"\" width=\"400\" height=\"600\" srcset=\"http:\/\/sintema.org.br\/sintema\/wp-content\/uploads\/2012\/08\/5.jpg 400w, http:\/\/sintema.org.br\/sintema\/wp-content\/uploads\/2012\/08\/5-200x300.jpg 200w\" sizes=\"(max-width: 400px) 100vw, 400px\" \/><\/a><\/p>\n","protected":false},"excerpt":{"rendered":"<p>O SINTEMA \u00e9 fruto da luta dos trabalhadores e trabalhadoras das universidades brasileiras, em busca da organiza\u00e7\u00e3o em defesa dos seus direitos e da dignidade dos trabalhadores do setor p\u00fablico e da \u00e1rea da educa\u00e7\u00e3o em particular. O SINTEMA \u00e9 filiado \u00e0 FASUBRA que \u00e9 uma das entidades pioneiras na organiza\u00e7\u00e3o dos trabalhadores do setor [&hellip;]<\/p>\n","protected":false},"author":2,"featured_media":0,"parent":0,"menu_order":11,"comment_status":"open","ping_status":"closed","template":"","meta":[],"_links":{"self":[{"href":"http:\/\/sintema.org.br\/sintema\/wp-json\/wp\/v2\/pages\/7"}],"collection":[{"href":"http:\/\/sintema.org.br\/sintema\/wp-json\/wp\/v2\/pages"}],"about":[{"href":"http:\/\/sintema.org.br\/sintema\/wp-json\/wp\/v2\/types\/page"}],"author":[{"embeddable":true,"href":"http:\/\/sintema.org.br\/sintema\/wp-json\/wp\/v2\/users\/2"}],"replies":[{"embeddable":true,"href":"http:\/\/sintema.org.br\/sintema\/wp-json\/wp\/v2\/comments?post=7"}],"version-history":[{"count":0,"href":"http:\/\/sintema.org.br\/sintema\/wp-json\/wp\/v2\/pages\/7\/revisions"}],"wp:attachment":[{"href":"http:\/\/sintema.org.br\/sintema\/wp-json\/wp\/v2\/media?parent=7"}],"curies":[{"name":"wp","href":"https:\/\/api.w.org\/{rel}","templated":true}]}}